{"id":91,"date":"2016-03-31T20:27:17","date_gmt":"2016-03-31T20:27:17","guid":{"rendered":"http:\/\/veronikawawatschek.de\/?page_id=91"},"modified":"2016-05-14T04:32:42","modified_gmt":"2016-05-14T04:32:42","slug":"impressum","status":"publish","type":"page","link":"https:\/\/veronikawawatschek.de\/?page_id=91","title":{"rendered":"Impressum"},"content":{"rendered":"<p><strong>Impressum:<\/strong><br \/>\nDies ist ein privates Weblog. Verantwortlich f\u00fcr alle Inhalte dieser Website nach <a href=\"http:\/\/dejure.org\/gesetze\/TMG\" target=\"_blank\">\u00a7 5 des Telemediengesetzes (TMG)<\/a> ist: Veronika Wawatschek, M\u00fcnchen.<\/p>\n<p><strong>Haftungsausschluss:<\/strong><br \/>\nDie Webseite ist mit gr\u00f6\u00dfter Sorgfalt erstellt worden. Fehler kann ich dennoch nicht ausschlie\u00dfen. Verletzungen von Urheberrechten, Markenrechten oder Pers\u00f6nlichkeitsrechten sind zum Zeitpunkt der Bearbeitung nicht ersichtlich. Falls sich Fehler eingeschlichen haben, korrigiere ich sie umgehend.<br \/>\nF\u00fcr die Inhalte auf Seiten, die ich verlinkt habe, bin ich nicht verantwortlich. Falls bei Verlinkungen Probleme auftreten sollten, werde ich die Links umgehend \u00fcberarbeiten. Rechtswidrige Inhalte waren zum Zeitpunkt der Verlinkung nicht erkennbar. Eine permanente inhaltliche Kontrolle der verlinkten Seiten ist jedoch ohne konkrete Anhaltspunkte einer Rechtsverletzung nicht zumutbar. Bei Bekanntwerden von Rechtsverletzungen entferne ich derartige Links umgehend. Dazu bitte ich bei m\u00f6glichen Fehlern oder Rechtsverst\u00f6\u00dfen um einen Hinweis \u2013 am besten per Mail an mail@veronikawawatschek.de<\/p>\n<p><b>Urheberrecht<\/b><\/p>\n<p>Die Inhalte und Werke auf dieser Seite unterliegen dem deutschen Urheberrecht. Die Vervielf\u00e4ltigung, Bearbeitung, Verbreitung und jede Art der Verwertung au\u00dferhalb der Grenzen des Urheberrechtes bed\u00fcrfen der schriftlichen Zustimmung des jeweiligen Autors bzw. Erstellers. Downloads und Kopien dieser Seite sind nur f\u00fcr den privaten, nicht kommerziellen Gebrauch gestattet. Soweit die Inhalte auf dieser Seite nicht vom Betreiber erstellt wurden, werden die Urheberrechte Dritter beachtet. Insbesondere werden Inhalte Dritter als solche gekennzeichnet. Sollten Sie trotzdem auf eine Urheberrechtsverletzung aufmerksam werden, bitte ich um einen entsprechenden Hinweis. Bei Bekanntwerden von Rechtsverletzungen werde ich derartige Inhalte umgehend entfernen.<\/p>\n<p><i>Quellenangabe: <\/i><a href=\"http:\/\/www.e-recht24.de\/muster-disclaimer.html\"><i>Disclaimer<\/i><\/a><i> von eRecht24, dem Portal zum Internetrecht von Rechtsanwalt S\u00f6ren Siebert<\/i><\/p>\n","protected":false},"excerpt":{"rendered":"<p>Impressum: Dies ist ein privates Weblog. Verantwortlich f\u00fcr alle Inhalte dieser Website nach \u00a7 5 des Telemediengesetzes (TMG) ist: Veronika Wawatschek, M\u00fcnchen. Haftungsausschluss: Die Webseite<\/p>\n","protected":false},"author":1,"featured_media":0,"parent":0,"menu_order":0,"comment_status":"closed","ping_status":"closed","template":"","meta":{"footnotes":""},"class_list":["post-91","page","type-page","status-publish","hentry"],"_links":{"self":[{"href":"https:\/\/veronikawawatschek.de\/index.php?rest_route=\/wp\/v2\/pages\/91","targetHints":{"allow":["GET"]}}],"collection":[{"href":"https:\/\/veronikawawatschek.de\/index.php?rest_route=\/wp\/v2\/pages"}],"about":[{"href":"https:\/\/veronikawawatschek.de\/index.php?rest_route=\/wp\/v2\/types\/page"}],"author":[{"embeddable":true,"href":"https:\/\/veronikawawatschek.de\/index.php?rest_route=\/wp\/v2\/users\/1"}],"replies":[{"embeddable":true,"href":"https:\/\/veronikawawatschek.de\/index.php?rest_route=%2Fwp%2Fv2%2Fcomments&post=91"}],"version-history":[{"count":2,"href":"https:\/\/veronikawawatschek.de\/index.php?rest_route=\/wp\/v2\/pages\/91\/revisions"}],"predecessor-version":[{"id":136,"href":"https:\/\/veronikawawatschek.de\/index.php?rest_route=\/wp\/v2\/pages\/91\/revisions\/136"}],"wp:attachment":[{"href":"https:\/\/veronikawawatschek.de\/index.php?rest_route=%2Fwp%2Fv2%2Fmedia&parent=91"}],"curies":[{"name":"wp","href":"https:\/\/api.w.org\/{rel}","templated":true}]}}